{"id":51,"date":"2018-03-21T11:26:59","date_gmt":"2018-03-21T10:26:59","guid":{"rendered":"http:\/\/elektrikar-rajnoha.sk\/?page_id=51"},"modified":"2023-03-16T22:16:25","modified_gmt":"2023-03-16T21:16:25","slug":"galeria","status":"publish","type":"page","link":"https:\/\/elektrikar-rajnoha.sk\/?page_id=51","title":{"rendered":"Gal\u00e9ria"},"content":{"rendered":"<hr>\n<p>&nbsp;<\/p>\nngg_shortcode_0_placeholder\n","protected":false},"excerpt":{"rendered":"<p>&nbsp; &nbsp;<\/p>\n","protected":false},"author":1,"featured_media":0,"parent":0,"menu_order":3,"comment_status":"closed","ping_status":"closed","template":"","meta":{"ngg_post_thumbnail":0,"footnotes":""},"class_list":["post-51","page","type-page","status-publish","hentry"],"yoast_head":"<!-- This site is optimized with the Yoast SEO plugin v24.7 - https:\/\/yoast.com\/wordpress\/plugins\/seo\/ -->\n<title>Elektroin\u0161tala\u010dn\u00e9 pr\u00e1ce - Bratislava,Sv\u00e4t\u00fd Jur,Pezinok a okolie<\/title>\n<meta name=\"robots\" content=\"index, follow, max-snippet:-1, max-image-preview:large, max-video-preview:-1\" \/>\n<link rel=\"canonical\" href=\"https:\/\/elektrikar-rajnoha.sk\/?page_id=51\" \/>\n<meta property=\"og:locale\" content=\"sk_SK\" \/>\n<meta property=\"og:type\" content=\"article\" \/>\n<meta property=\"og:title\" content=\"Elektroin\u0161tala\u010dn\u00e9 pr\u00e1ce - Bratislava,Sv\u00e4t\u00fd Jur,Pezinok a okolie\" \/>\n<meta property=\"og:description\" content=\"&nbsp; &nbsp;\" \/>\n<meta property=\"og:url\" content=\"https:\/\/elektrikar-rajnoha.sk\/?page_id=51\" \/>\n<meta property=\"og:site_name\" content=\"Elektrik\u00e1r Rajnoha\" \/>\n<meta property=\"article:modified_time\" content=\"2023-03-16T21:16:25+00:00\" \/>\n<meta name=\"twitter:card\" content=\"summary_large_image\" \/>\n<meta name=\"twitter:label1\" content=\"Predpokladan\u00fd \u010das \u010d\u00edtania\" \/>\n\t<meta name=\"twitter:data1\" content=\"1 min\u00fata\" \/>\n<script type=\"application\/ld+json\" class=\"yoast-schema-graph\">{\"@context\":\"https:\/\/schema.org\",\"@graph\":[{\"@type\":\"WebPage\",\"@id\":\"https:\/\/elektrikar-rajnoha.sk\/?page_id=51\",\"url\":\"https:\/\/elektrikar-rajnoha.sk\/?page_id=51\",\"name\":\"Elektroin\u0161tala\u010dn\u00e9 pr\u00e1ce - Bratislava,Sv\u00e4t\u00fd Jur,Pezinok a okolie\",\"isPartOf\":{\"@id\":\"https:\/\/elektrikar-rajnoha.sk\/#website\"},\"datePublished\":\"2018-03-21T10:26:59+00:00\",\"dateModified\":\"2023-03-16T21:16:25+00:00\",\"breadcrumb\":{\"@id\":\"https:\/\/elektrikar-rajnoha.sk\/?page_id=51#breadcrumb\"},\"inLanguage\":\"sk-SK\",\"potentialAction\":[{\"@type\":\"ReadAction\",\"target\":[\"https:\/\/elektrikar-rajnoha.sk\/?page_id=51\"]}]},{\"@type\":\"BreadcrumbList\",\"@id\":\"https:\/\/elektrikar-rajnoha.sk\/?page_id=51#breadcrumb\",\"itemListElement\":[{\"@type\":\"ListItem\",\"position\":1,\"name\":\"Home\",\"item\":\"https:\/\/elektrikar-rajnoha.sk\/\"},{\"@type\":\"ListItem\",\"position\":2,\"name\":\"Gal\u00e9ria\"}]},{\"@type\":\"WebSite\",\"@id\":\"https:\/\/elektrikar-rajnoha.sk\/#website\",\"url\":\"https:\/\/elektrikar-rajnoha.sk\/\",\"name\":\"Elektrik\u00e1r Rajnoha\",\"description\":\"Elektrik\u00e1ri Bratislava,Sv\u00e4t\u00fd Jur,Pezinok a okolie\",\"potentialAction\":[{\"@type\":\"SearchAction\",\"target\":{\"@type\":\"EntryPoint\",\"urlTemplate\":\"https:\/\/elektrikar-rajnoha.sk\/?s={search_term_string}\"},\"query-input\":{\"@type\":\"PropertyValueSpecification\",\"valueRequired\":true,\"valueName\":\"search_term_string\"}}],\"inLanguage\":\"sk-SK\"}]}<\/script>\n<!-- \/ Yoast SEO plugin. -->","yoast_head_json":{"title":"Elektroin\u0161tala\u010dn\u00e9 pr\u00e1ce - Bratislava,Sv\u00e4t\u00fd Jur,Pezinok a okolie","robots":{"index":"index","follow":"follow","max-snippet":"max-snippet:-1","max-image-preview":"max-image-preview:large","max-video-preview":"max-video-preview:-1"},"canonical":"https:\/\/elektrikar-rajnoha.sk\/?page_id=51","og_locale":"sk_SK","og_type":"article","og_title":"Elektroin\u0161tala\u010dn\u00e9 pr\u00e1ce - Bratislava,Sv\u00e4t\u00fd Jur,Pezinok a okolie","og_description":"&nbsp; &nbsp;","og_url":"https:\/\/elektrikar-rajnoha.sk\/?page_id=51","og_site_name":"Elektrik\u00e1r Rajnoha","article_modified_time":"2023-03-16T21:16:25+00:00","twitter_card":"summary_large_image","twitter_misc":{"Predpokladan\u00fd \u010das \u010d\u00edtania":"1 min\u00fata"},"schema":{"@context":"https:\/\/schema.org","@graph":[{"@type":"WebPage","@id":"https:\/\/elektrikar-rajnoha.sk\/?page_id=51","url":"https:\/\/elektrikar-rajnoha.sk\/?page_id=51","name":"Elektroin\u0161tala\u010dn\u00e9 pr\u00e1ce - Bratislava,Sv\u00e4t\u00fd Jur,Pezinok a okolie","isPartOf":{"@id":"https:\/\/elektrikar-rajnoha.sk\/#website"},"datePublished":"2018-03-21T10:26:59+00:00","dateModified":"2023-03-16T21:16:25+00:00","breadcrumb":{"@id":"https:\/\/elektrikar-rajnoha.sk\/?page_id=51#breadcrumb"},"inLanguage":"sk-SK","potentialAction":[{"@type":"ReadAction","target":["https:\/\/elektrikar-rajnoha.sk\/?page_id=51"]}]},{"@type":"BreadcrumbList","@id":"https:\/\/elektrikar-rajnoha.sk\/?page_id=51#breadcrumb","itemListElement":[{"@type":"ListItem","position":1,"name":"Home","item":"https:\/\/elektrikar-rajnoha.sk\/"},{"@type":"ListItem","position":2,"name":"Gal\u00e9ria"}]},{"@type":"WebSite","@id":"https:\/\/elektrikar-rajnoha.sk\/#website","url":"https:\/\/elektrikar-rajnoha.sk\/","name":"Elektrik\u00e1r Rajnoha","description":"Elektrik\u00e1ri Bratislava,Sv\u00e4t\u00fd Jur,Pezinok a okolie","potentialAction":[{"@type":"SearchAction","target":{"@type":"EntryPoint","urlTemplate":"https:\/\/elektrikar-rajnoha.sk\/?s={search_term_string}"},"query-input":{"@type":"PropertyValueSpecification","valueRequired":true,"valueName":"search_term_string"}}],"inLanguage":"sk-SK"}]}},"_links":{"self":[{"href":"https:\/\/elektrikar-rajnoha.sk\/index.php?rest_route=\/wp\/v2\/pages\/51","targetHints":{"allow":["GET"]}}],"collection":[{"href":"https:\/\/elektrikar-rajnoha.sk\/index.php?rest_route=\/wp\/v2\/pages"}],"about":[{"href":"https:\/\/elektrikar-rajnoha.sk\/index.php?rest_route=\/wp\/v2\/types\/page"}],"author":[{"embeddable":true,"href":"https:\/\/elektrikar-rajnoha.sk\/index.php?rest_route=\/wp\/v2\/users\/1"}],"replies":[{"embeddable":true,"href":"https:\/\/elektrikar-rajnoha.sk\/index.php?rest_route=%2Fwp%2Fv2%2Fcomments&post=51"}],"version-history":[{"count":36,"href":"https:\/\/elektrikar-rajnoha.sk\/index.php?rest_route=\/wp\/v2\/pages\/51\/revisions"}],"predecessor-version":[{"id":1611,"href":"https:\/\/elektrikar-rajnoha.sk\/index.php?rest_route=\/wp\/v2\/pages\/51\/revisions\/1611"}],"wp:attachment":[{"href":"https:\/\/elektrikar-rajnoha.sk\/index.php?rest_route=%2Fwp%2Fv2%2Fmedia&parent=51"}],"curies":[{"name":"wp","href":"https:\/\/api.w.org\/{rel}","templated":true}]}}