{"id":253,"date":"2018-03-25T14:01:35","date_gmt":"2018-03-25T12:01:35","guid":{"rendered":"http:\/\/elektrikar-rajnoha.sk\/?page_id=253"},"modified":"2025-10-15T17:25:05","modified_gmt":"2025-10-15T15:25:05","slug":"sluzby","status":"publish","type":"page","link":"https:\/\/elektrikar-rajnoha.sk\/?page_id=253","title":{"rendered":"Slu\u017eby"},"content":{"rendered":"<hr>\n<h4><span style=\"font-family: times\\ new\\ roman, times, serif;\">Ponuka na\u0161\u00edch slu\u017eieb:<\/span><\/h4>\n<h5><span style=\"font-family: times\\ new\\ roman, times, serif;\">Mont\u00e1\u017e,v\u00fdmena a \u00fadr\u017eba el.zariaden\u00ed.<\/span><\/h5>\n<p>&nbsp;<\/p>\n<p><strong><span style=\"font-family: times\\ new\\ roman, times, serif;\">&gt;&nbsp; mont\u00e1\u017e a zapojenie isti\u010dov<\/span><\/strong><\/p>\n<p><strong><span style=\"font-family: times\\ new\\ roman, times, serif;\">&gt;&nbsp; mont\u00e1\u017e a zapojenie chr\u00e1ni\u010dov <\/span><\/strong><\/p>\n<p><strong><span style=\"font-family: times\\ new\\ roman, times, serif;\">&gt;&nbsp; mont\u00e1\u017e a zapojenie rozvodn\u00edc<\/span><\/strong><\/p>\n<p><strong><span style=\"font-family: times\\ new\\ roman, times, serif;\">&gt;&nbsp; <\/span><span style=\"font-family: times\\ new\\ roman, times, serif;\">mont\u00e1\u017e a zapojenie z\u00e1suviek <\/span><\/strong><\/p>\n<p style=\"text-align: left;\"><strong><span style=\"font-family: times\\ new\\ roman, times, serif;\">&gt;&nbsp; mont\u00e1\u017e a zapojenie vyp\u00edna\u010dov<\/span><\/strong><span style=\"font-family: times\\ new\\ roman, times, serif;\"><br \/>\n<\/span><\/p>\n<p style=\"text-align: left;\"><strong><span style=\"font-family: times\\ new\\ roman, times, serif;\">&gt;&nbsp; <\/span><span style=\"font-family: times\\ new\\ roman, times, serif;\">mont\u00e1\u017e svietiel a ventil\u00e1torov<\/span><\/strong><span style=\"font-family: times\\ new\\ roman, times, serif;\"><br \/>\n<\/span><\/p>\n<p style=\"text-align: left;\"><strong><span style=\"font-family: times\\ new\\ roman, times, serif;\">&gt;&nbsp; <\/span><span style=\"font-family: times\\ new\\ roman, times, serif;\">mont\u00e1\u017e podlahov\u00e9ho k\u00farenia<\/span><\/strong><span style=\"font-family: times\\ new\\ roman, times, serif;\"><br \/>\n<\/span><\/p>\n<p style=\"text-align: left;\"><strong><span style=\"font-family: times\\ new\\ roman, times, serif;\">&gt;&nbsp; <\/span><span style=\"font-family: times\\ new\\ roman, times, serif;\">pripojenie kuch.spotrebi\u010dov <\/span><\/strong><span style=\"font-family: times\\ new\\ roman, times, serif;\"><br \/>\n<\/span><\/p>\n<p style=\"text-align: left;\"><span style=\"font-family: times\\ new\\ roman, times, serif;\"><strong>&gt;&nbsp; elektro pr\u00edpojky NN<\/strong><br \/>\n<\/span><\/p>\n<p style=\"text-align: left;\"><span style=\"font-family: times\\ new\\ roman, times, serif;\"><strong>&gt;&nbsp; nab\u00edjacie stanice<br \/>\n<\/strong><\/span><\/p>\n<p style=\"text-align: =;\"><span style=\"font-family: times\\ new\\ roman, times, serif;\"><strong>&gt;&nbsp; bleskozvody<\/strong><br \/>\n<\/span><\/p>\n<p style=\"text-align: left;\"><strong><span style=\"font-family: times\\ new\\ roman, times, serif;\">&gt;&nbsp; <\/span><span style=\"font-family: times\\ new\\ roman, times, serif;\">z\u00e1kladov\u00e9 zemni\u010de<\/span><\/strong><\/p>\n<p style=\"text-align: left;\"><strong><span style=\"font-family: times\\ new\\ roman, times, serif;\">&gt;&nbsp;<\/span><\/strong> <strong><span style=\"font-family: times\\ new\\ roman, times, serif;\">tv\/sat rozvody<\/span><\/strong><\/p>\n<p><strong><span style=\"font-family: times\\ new\\ roman, times, serif;\">&gt;&nbsp; <\/span><span style=\"font-family: times\\ new\\ roman, times, serif;\">d\u00e1tov\u00e9 rozvody<\/span><\/strong><\/p>\n<p><strong><span style=\"font-family: times\\ new\\ roman, times, serif;\">&gt;&nbsp; <\/span><\/strong><span style=\"font-family: times\\ new\\ roman, times, serif;\"><strong>mont\u00e1\u017e Led p\u00e1sov<\/strong> <\/span><\/p>\n<p><span style=\"font-family: times\\ new\\ roman, times, serif;\"><strong>&gt;&nbsp; obhliadky&nbsp;&nbsp;&nbsp;<\/strong>&nbsp;<\/span><\/p>\n<p><span style=\"font-family: times\\ new\\ roman, times, serif;\"><strong>&gt;&nbsp; projektov\u00e9 dokument\u00e1cie<\/strong> <\/span><\/p>\n<p><span style=\"font-family: times\\ new\\ roman, times, serif;\"><strong>&gt;&nbsp; rev\u00edzie pre na\u0161e projekty &nbsp;<\/strong> <\/span><\/p>\n<p><span style=\"font-family: times\\ new\\ roman, times, serif;\"><strong>&gt;&nbsp; poradenstvo&nbsp;<\/strong><br \/>\n<\/span><\/p>\n<p><strong><span style=\"font-family: times\\ new\\ roman, times, serif;\">&gt;&nbsp; n\u00e1kup a predaj tovaru<\/span><\/strong><\/p>\n<p>&nbsp;<\/p>\n","protected":false},"excerpt":{"rendered":"<p>Ponuka na\u0161\u00edch slu\u017eieb: Mont\u00e1\u017e,v\u00fdmena a \u00fadr\u017eba el.zariaden\u00ed. &nbsp; &gt;&nbsp; mont\u00e1\u017e a zapojenie isti\u010dov &gt;&nbsp; mont\u00e1\u017e a zapojenie chr\u00e1ni\u010dov &gt;&nbsp; mont\u00e1\u017e a zapojenie rozvodn\u00edc &gt;&nbsp; mont\u00e1\u017e a zapojenie z\u00e1suviek &gt;&nbsp; mont\u00e1\u017e a zapojenie vyp\u00edna\u010dov &gt;&nbsp; mont\u00e1\u017e svietiel a ventil\u00e1torov &gt;&nbsp; mont\u00e1\u017e podlahov\u00e9ho k\u00farenia &gt;&nbsp; pripojenie kuch.spotrebi\u010dov &gt;&nbsp; elektro pr\u00edpojky NN &gt;&nbsp; nab\u00edjacie stanice &gt;&nbsp; bleskozvody &gt;&nbsp; [&hellip;]<\/p>\n","protected":false},"author":1,"featured_media":0,"parent":0,"menu_order":2,"comment_status":"closed","ping_status":"closed","template":"","meta":{"ngg_post_thumbnail":0,"footnotes":""},"class_list":["post-253","page","type-page","status-publish","hentry"],"yoast_head":"<!-- This site is optimized with the Yoast SEO plugin v24.7 - https:\/\/yoast.com\/wordpress\/plugins\/seo\/ -->\n<title>Elektroin\u0161tala\u010dn\u00e9 pr\u00e1ce - Bratislava,Sv\u00e4t\u00fd Jur,Pezinok a okolie<\/title>\n<meta name=\"description\" content=\"Ponuka na\u0161\u00edch slu\u017eieb -mont\u00e1\u017e rozvodn\u00edc \u2013 mont\u00e1\u017e z\u00e1suviek a vyp\u00edna\u010dov \u2013 mont\u00e1\u017e svetiel a ventil\u00e1torov \u2013 mont\u00e1\u017e podlahov\u00e9ho k\u00farenia \u2013 pripojenie kuch.spotrebi\u010dov \u2013 domov\u00e9 pr\u00edpojky NN \u2013 bleskozvody \u2013 z\u00e1kladov\u00e9 zemni\u010de \u2013 tv\/sat rozvody \u2013 audio\/video telefony-d\u00e1tov\u00e9 rozvody-mont\u00e1\u017e Led p\u00e1sov-projktov\u00e9 dokument\u00e1cie-rev\u00edzie\" \/>\n<meta name=\"robots\" content=\"index, follow, max-snippet:-1, max-image-preview:large, max-video-preview:-1\" \/>\n<link rel=\"canonical\" href=\"https:\/\/elektrikar-rajnoha.sk\/?page_id=253\" \/>\n<meta property=\"og:locale\" content=\"sk_SK\" \/>\n<meta property=\"og:type\" content=\"article\" \/>\n<meta property=\"og:title\" content=\"Elektroin\u0161tala\u010dn\u00e9 pr\u00e1ce - Bratislava,Sv\u00e4t\u00fd Jur,Pezinok a okolie\" \/>\n<meta property=\"og:description\" content=\"Ponuka na\u0161\u00edch slu\u017eieb -mont\u00e1\u017e rozvodn\u00edc \u2013 mont\u00e1\u017e z\u00e1suviek a vyp\u00edna\u010dov \u2013 mont\u00e1\u017e svetiel a ventil\u00e1torov \u2013 mont\u00e1\u017e podlahov\u00e9ho k\u00farenia \u2013 pripojenie kuch.spotrebi\u010dov \u2013 domov\u00e9 pr\u00edpojky NN \u2013 bleskozvody \u2013 z\u00e1kladov\u00e9 zemni\u010de \u2013 tv\/sat rozvody \u2013 audio\/video telefony-d\u00e1tov\u00e9 rozvody-mont\u00e1\u017e Led p\u00e1sov-projktov\u00e9 dokument\u00e1cie-rev\u00edzie\" \/>\n<meta property=\"og:url\" content=\"https:\/\/elektrikar-rajnoha.sk\/?page_id=253\" \/>\n<meta property=\"og:site_name\" content=\"Elektrik\u00e1r Rajnoha\" \/>\n<meta property=\"article:modified_time\" content=\"2025-10-15T15:25:05+00:00\" \/>\n<meta name=\"twitter:card\" content=\"summary_large_image\" \/>\n<meta name=\"twitter:label1\" content=\"Predpokladan\u00fd \u010das \u010d\u00edtania\" \/>\n\t<meta name=\"twitter:data1\" content=\"1 min\u00fata\" \/>\n<script type=\"application\/ld+json\" class=\"yoast-schema-graph\">{\"@context\":\"https:\/\/schema.org\",\"@graph\":[{\"@type\":\"WebPage\",\"@id\":\"https:\/\/elektrikar-rajnoha.sk\/?page_id=253\",\"url\":\"https:\/\/elektrikar-rajnoha.sk\/?page_id=253\",\"name\":\"Elektroin\u0161tala\u010dn\u00e9 pr\u00e1ce - Bratislava,Sv\u00e4t\u00fd Jur,Pezinok a okolie\",\"isPartOf\":{\"@id\":\"https:\/\/elektrikar-rajnoha.sk\/#website\"},\"datePublished\":\"2018-03-25T12:01:35+00:00\",\"dateModified\":\"2025-10-15T15:25:05+00:00\",\"description\":\"Ponuka na\u0161\u00edch slu\u017eieb -mont\u00e1\u017e rozvodn\u00edc \u2013 mont\u00e1\u017e z\u00e1suviek a vyp\u00edna\u010dov \u2013 mont\u00e1\u017e svetiel a ventil\u00e1torov \u2013 mont\u00e1\u017e podlahov\u00e9ho k\u00farenia \u2013 pripojenie kuch.spotrebi\u010dov \u2013 domov\u00e9 pr\u00edpojky NN \u2013 bleskozvody \u2013 z\u00e1kladov\u00e9 zemni\u010de \u2013 tv\/sat rozvody \u2013 audio\/video telefony-d\u00e1tov\u00e9 rozvody-mont\u00e1\u017e Led p\u00e1sov-projktov\u00e9 dokument\u00e1cie-rev\u00edzie\",\"breadcrumb\":{\"@id\":\"https:\/\/elektrikar-rajnoha.sk\/?page_id=253#breadcrumb\"},\"inLanguage\":\"sk-SK\",\"potentialAction\":[{\"@type\":\"ReadAction\",\"target\":[\"https:\/\/elektrikar-rajnoha.sk\/?page_id=253\"]}]},{\"@type\":\"BreadcrumbList\",\"@id\":\"https:\/\/elektrikar-rajnoha.sk\/?page_id=253#breadcrumb\",\"itemListElement\":[{\"@type\":\"ListItem\",\"position\":1,\"name\":\"Home\",\"item\":\"https:\/\/elektrikar-rajnoha.sk\/\"},{\"@type\":\"ListItem\",\"position\":2,\"name\":\"Slu\u017eby\"}]},{\"@type\":\"WebSite\",\"@id\":\"https:\/\/elektrikar-rajnoha.sk\/#website\",\"url\":\"https:\/\/elektrikar-rajnoha.sk\/\",\"name\":\"Elektrik\u00e1r Rajnoha\",\"description\":\"Elektrik\u00e1ri Bratislava,Sv\u00e4t\u00fd Jur,Pezinok a okolie\",\"potentialAction\":[{\"@type\":\"SearchAction\",\"target\":{\"@type\":\"EntryPoint\",\"urlTemplate\":\"https:\/\/elektrikar-rajnoha.sk\/?s={search_term_string}\"},\"query-input\":{\"@type\":\"PropertyValueSpecification\",\"valueRequired\":true,\"valueName\":\"search_term_string\"}}],\"inLanguage\":\"sk-SK\"}]}<\/script>\n<!-- \/ Yoast SEO plugin. -->","yoast_head_json":{"title":"Elektroin\u0161tala\u010dn\u00e9 pr\u00e1ce - Bratislava,Sv\u00e4t\u00fd Jur,Pezinok a okolie","description":"Ponuka na\u0161\u00edch slu\u017eieb -mont\u00e1\u017e rozvodn\u00edc \u2013 mont\u00e1\u017e z\u00e1suviek a vyp\u00edna\u010dov \u2013 mont\u00e1\u017e svetiel a ventil\u00e1torov \u2013 mont\u00e1\u017e podlahov\u00e9ho k\u00farenia \u2013 pripojenie kuch.spotrebi\u010dov \u2013 domov\u00e9 pr\u00edpojky NN \u2013 bleskozvody \u2013 z\u00e1kladov\u00e9 zemni\u010de \u2013 tv\/sat rozvody \u2013 audio\/video telefony-d\u00e1tov\u00e9 rozvody-mont\u00e1\u017e Led p\u00e1sov-projktov\u00e9 dokument\u00e1cie-rev\u00edzie","robots":{"index":"index","follow":"follow","max-snippet":"max-snippet:-1","max-image-preview":"max-image-preview:large","max-video-preview":"max-video-preview:-1"},"canonical":"https:\/\/elektrikar-rajnoha.sk\/?page_id=253","og_locale":"sk_SK","og_type":"article","og_title":"Elektroin\u0161tala\u010dn\u00e9 pr\u00e1ce - Bratislava,Sv\u00e4t\u00fd Jur,Pezinok a okolie","og_description":"Ponuka na\u0161\u00edch slu\u017eieb -mont\u00e1\u017e rozvodn\u00edc \u2013 mont\u00e1\u017e z\u00e1suviek a vyp\u00edna\u010dov \u2013 mont\u00e1\u017e svetiel a ventil\u00e1torov \u2013 mont\u00e1\u017e podlahov\u00e9ho k\u00farenia \u2013 pripojenie kuch.spotrebi\u010dov \u2013 domov\u00e9 pr\u00edpojky NN \u2013 bleskozvody \u2013 z\u00e1kladov\u00e9 zemni\u010de \u2013 tv\/sat rozvody \u2013 audio\/video telefony-d\u00e1tov\u00e9 rozvody-mont\u00e1\u017e Led p\u00e1sov-projktov\u00e9 dokument\u00e1cie-rev\u00edzie","og_url":"https:\/\/elektrikar-rajnoha.sk\/?page_id=253","og_site_name":"Elektrik\u00e1r Rajnoha","article_modified_time":"2025-10-15T15:25:05+00:00","twitter_card":"summary_large_image","twitter_misc":{"Predpokladan\u00fd \u010das \u010d\u00edtania":"1 min\u00fata"},"schema":{"@context":"https:\/\/schema.org","@graph":[{"@type":"WebPage","@id":"https:\/\/elektrikar-rajnoha.sk\/?page_id=253","url":"https:\/\/elektrikar-rajnoha.sk\/?page_id=253","name":"Elektroin\u0161tala\u010dn\u00e9 pr\u00e1ce - Bratislava,Sv\u00e4t\u00fd Jur,Pezinok a okolie","isPartOf":{"@id":"https:\/\/elektrikar-rajnoha.sk\/#website"},"datePublished":"2018-03-25T12:01:35+00:00","dateModified":"2025-10-15T15:25:05+00:00","description":"Ponuka na\u0161\u00edch slu\u017eieb -mont\u00e1\u017e rozvodn\u00edc \u2013 mont\u00e1\u017e z\u00e1suviek a vyp\u00edna\u010dov \u2013 mont\u00e1\u017e svetiel a ventil\u00e1torov \u2013 mont\u00e1\u017e podlahov\u00e9ho k\u00farenia \u2013 pripojenie kuch.spotrebi\u010dov \u2013 domov\u00e9 pr\u00edpojky NN \u2013 bleskozvody \u2013 z\u00e1kladov\u00e9 zemni\u010de \u2013 tv\/sat rozvody \u2013 audio\/video telefony-d\u00e1tov\u00e9 rozvody-mont\u00e1\u017e Led p\u00e1sov-projktov\u00e9 dokument\u00e1cie-rev\u00edzie","breadcrumb":{"@id":"https:\/\/elektrikar-rajnoha.sk\/?page_id=253#breadcrumb"},"inLanguage":"sk-SK","potentialAction":[{"@type":"ReadAction","target":["https:\/\/elektrikar-rajnoha.sk\/?page_id=253"]}]},{"@type":"BreadcrumbList","@id":"https:\/\/elektrikar-rajnoha.sk\/?page_id=253#breadcrumb","itemListElement":[{"@type":"ListItem","position":1,"name":"Home","item":"https:\/\/elektrikar-rajnoha.sk\/"},{"@type":"ListItem","position":2,"name":"Slu\u017eby"}]},{"@type":"WebSite","@id":"https:\/\/elektrikar-rajnoha.sk\/#website","url":"https:\/\/elektrikar-rajnoha.sk\/","name":"Elektrik\u00e1r Rajnoha","description":"Elektrik\u00e1ri Bratislava,Sv\u00e4t\u00fd Jur,Pezinok a okolie","potentialAction":[{"@type":"SearchAction","target":{"@type":"EntryPoint","urlTemplate":"https:\/\/elektrikar-rajnoha.sk\/?s={search_term_string}"},"query-input":{"@type":"PropertyValueSpecification","valueRequired":true,"valueName":"search_term_string"}}],"inLanguage":"sk-SK"}]}},"_links":{"self":[{"href":"https:\/\/elektrikar-rajnoha.sk\/index.php?rest_route=\/wp\/v2\/pages\/253","targetHints":{"allow":["GET"]}}],"collection":[{"href":"https:\/\/elektrikar-rajnoha.sk\/index.php?rest_route=\/wp\/v2\/pages"}],"about":[{"href":"https:\/\/elektrikar-rajnoha.sk\/index.php?rest_route=\/wp\/v2\/types\/page"}],"author":[{"embeddable":true,"href":"https:\/\/elektrikar-rajnoha.sk\/index.php?rest_route=\/wp\/v2\/users\/1"}],"replies":[{"embeddable":true,"href":"https:\/\/elektrikar-rajnoha.sk\/index.php?rest_route=%2Fwp%2Fv2%2Fcomments&post=253"}],"version-history":[{"count":81,"href":"https:\/\/elektrikar-rajnoha.sk\/index.php?rest_route=\/wp\/v2\/pages\/253\/revisions"}],"predecessor-version":[{"id":1638,"href":"https:\/\/elektrikar-rajnoha.sk\/index.php?rest_route=\/wp\/v2\/pages\/253\/revisions\/1638"}],"wp:attachment":[{"href":"https:\/\/elektrikar-rajnoha.sk\/index.php?rest_route=%2Fwp%2Fv2%2Fmedia&parent=253"}],"curies":[{"name":"wp","href":"https:\/\/api.w.org\/{rel}","templated":true}]}}