{"id":10,"date":"2018-03-21T10:12:08","date_gmt":"2018-03-21T09:12:08","guid":{"rendered":"http:\/\/elektrikar-rajnoha.sk\/?page_id=10"},"modified":"2025-10-15T21:30:48","modified_gmt":"2025-10-15T19:30:48","slug":"uvod","status":"publish","type":"page","link":"https:\/\/elektrikar-rajnoha.sk\/","title":{"rendered":"\u00davod"},"content":{"rendered":"\n\n\n\n<h4><span style=\"font-family: georgia, palatino, serif;\">Elektroin\u0161tala\u010dn\u00e9 pr\u00e1ce<\/span><\/h4>\n<p>&nbsp;<\/p>\n<p><span style=\"font-family: times\\ new\\ roman, times, serif;\">Pon\u00fakame pre V\u00e1s kompletn\u00e9 elektroin\u0161tala\u010dn\u00e9 pr\u00e1ce v\u00e4\u010d\u0161\u00edch aj men\u0161\u00edch rozsahov vr\u00e1tane bleskozvodov. Vykon\u00e1vame taktie\u017e kompletn\u00e9 rekon\u0161trukcie star\u00fdch rozvodov v panelov\u00fdch a tehlov\u00fdch bytoch, domoch, obchodn\u00fdch priestoroch a podobne. <\/span><span style=\"font-family: times\\ new\\ roman, times, serif;\">Zaober\u00e1me sa aj \u00fadr\u017ebou a odstra\u0148ovan\u00edm por\u00fach na elektro zariadeniach.<br><\/span><\/p>\n<p><span style=\"font-family: times\\ new\\ roman, times, serif;\">M\u00e1me dlhoro\u010dn\u00e9 odborn\u00e9 znalosti a sk\u00fasenosti v oblasti elektroin\u0161tal\u00e1ci\u00ed a v\u017edy sa sna\u017e\u00edme z\u00e1kazn\u00edkovi pom\u00f4ct a splni\u0165 jeho o\u010dak\u00e1vania. Db\u00e1me na prec\u00edznu pr\u00e1cu a dodr\u017eiavanie vopred dohodnut\u00fdch term\u00ednov.<\/span><\/p>\n<p><span style=\"font-family: times\\ new\\ roman, times, serif;\">Pon\u00fakame komplexn\u00e9 slu\u017eby, odborn\u00e9 poradenstvo a technick\u00fa podporu. <\/span><span style=\"font-family: times\\ new\\ roman, times, serif;\">Elektroin\u0161tala\u010dn\u00e9 slu\u017eby pre V\u00e1s zabezpe\u010dujeme&nbsp; v r\u00e1mci Z\u00e1padn\u00e9ho Slovenka. <\/span><span style=\"font-family: times\\ new\\ roman, times, serif;\">Na ka\u017ed\u00fa na\u0161u dokon\u010den\u00fa pr\u00e1cu,vieme zabezpe\u010di\u0165 aj rev\u00edznu spr\u00e1vu.&nbsp;<\/span><\/p>\n<p><span style=\"font-family: times\\ new\\ roman, times, serif;\">Spolupracujeme s na\u0161\u00edm dlhoro\u010dn\u00fdm t\u00edmom,ktor\u00fd zabepe\u010duje v\u0161etko ostatn\u00e9 ako napr. vodoin\u0161tala\u010dn\u00e9 b\u00faracie,mur\u00e1rske a maliarske pr\u00e1ce&#8230;<\/span><\/p>\n<p>&nbsp; &nbsp;<\/p>\n<p>&nbsp;<\/p>\n<p>&nbsp; &nbsp; &nbsp; &nbsp;&nbsp;<\/p>\n<figure id=\"attachment_568\" aria-describedby=\"caption-attachment-568\" style=\"width: 225px\" class=\"wp-caption alignleft\"><img loading=\"lazy\" decoding=\"async\" class=\"size-medium wp-image-568\" src=\"http:\/\/elektrikar-rajnoha.sk\/wp-content\/uploads\/2018\/04\/IMG_20171124_111306-225x300.jpg\" alt=\"\" width=\"225\" height=\"300\" srcset=\"https:\/\/elektrikar-rajnoha.sk\/wp-content\/uploads\/2018\/04\/IMG_20171124_111306-225x300.jpg 225w, https:\/\/elektrikar-rajnoha.sk\/wp-content\/uploads\/2018\/04\/IMG_20171124_111306-768x1024.jpg 768w\" sizes=\"auto, (max-width: 225px) 100vw, 225px\" \/><figcaption id=\"caption-attachment-568\" class=\"wp-caption-text\">Rozv\u00e1dza\u010de<\/figcaption><\/figure>\n<p>&nbsp;<\/p>\n<figure id=\"attachment_570\" aria-describedby=\"caption-attachment-570\" style=\"width: 225px\" class=\"wp-caption alignright\"><img loading=\"lazy\" decoding=\"async\" class=\"size-medium wp-image-570\" src=\"http:\/\/elektrikar-rajnoha.sk\/wp-content\/uploads\/2018\/04\/IMG_20180202_131217-225x300.jpg\" alt=\"\" width=\"225\" height=\"300\" srcset=\"https:\/\/elektrikar-rajnoha.sk\/wp-content\/uploads\/2018\/04\/IMG_20180202_131217-225x300.jpg 225w, https:\/\/elektrikar-rajnoha.sk\/wp-content\/uploads\/2018\/04\/IMG_20180202_131217-768x1024.jpg 768w\" sizes=\"auto, (max-width: 225px) 100vw, 225px\" \/><figcaption id=\"caption-attachment-570\" class=\"wp-caption-text\">Bleskozvody<\/figcaption><\/figure>\n<p>&nbsp;<\/p>\n<p>&nbsp; &nbsp; &nbsp; &nbsp;&nbsp;<\/p>\n<p>&nbsp;<\/p>\n<p>&nbsp;&nbsp;&nbsp;&nbsp;&nbsp;&nbsp;&nbsp;&nbsp;&nbsp;&nbsp;&nbsp;&nbsp;<\/p>\n<p>&nbsp;&nbsp;&nbsp;<\/p>\n<p>&nbsp;<\/p>\n<p>&nbsp;<\/p>\n<p>&nbsp;<\/p>\n<p>&nbsp;<\/p>\n<p>&nbsp;<\/p>\n<figure id=\"attachment_569\" aria-describedby=\"caption-attachment-569\" style=\"width: 225px\" class=\"wp-caption alignleft\"><img loading=\"lazy\" decoding=\"async\" class=\"size-medium wp-image-569\" src=\"http:\/\/elektrikar-rajnoha.sk\/wp-content\/uploads\/2018\/04\/IMG_20180409_130329-225x300.jpg\" alt=\"\" width=\"225\" height=\"300\" srcset=\"https:\/\/elektrikar-rajnoha.sk\/wp-content\/uploads\/2018\/04\/IMG_20180409_130329-225x300.jpg 225w, https:\/\/elektrikar-rajnoha.sk\/wp-content\/uploads\/2018\/04\/IMG_20180409_130329-768x1024.jpg 768w\" sizes=\"auto, (max-width: 225px) 100vw, 225px\" \/><figcaption id=\"caption-attachment-569\" class=\"wp-caption-text\">Zdravotn\u00edcke zariadenia<\/figcaption><\/figure>\n<p>&nbsp;<\/p>\n<figure id=\"attachment_852\" aria-describedby=\"caption-attachment-852\" style=\"width: 300px\" class=\"wp-caption alignright\"><img loading=\"lazy\" decoding=\"async\" class=\"size-medium wp-image-852\" src=\"http:\/\/elektrikar-rajnoha.sk\/wp-content\/uploads\/2020\/01\/IMG_20191119_193505-300x225.jpg\" alt=\"\" width=\"300\" height=\"225\"><figcaption id=\"caption-attachment-852\" class=\"wp-caption-text\">Podlahov\u00e9 elektrick\u00e9 k\u00farenie<\/figcaption><\/figure>\n<p>&nbsp;<\/p>\n<p>&nbsp;<\/p>\n<p>&nbsp;<\/p>\n<p>&nbsp;<\/p>\n<p>&nbsp;&nbsp;&nbsp;&nbsp;&nbsp;&nbsp;&nbsp;&nbsp;&nbsp;&nbsp;&nbsp;&nbsp;&nbsp;&nbsp;&nbsp;&nbsp;&nbsp;&nbsp;&nbsp;&nbsp;&nbsp;&nbsp;&nbsp;&nbsp;&nbsp;&nbsp;&nbsp;&nbsp;&nbsp;&nbsp;&nbsp;&nbsp;&nbsp;&nbsp;&nbsp;&nbsp;&nbsp;&nbsp;&nbsp;&nbsp;&nbsp;&nbsp;&nbsp;&nbsp;&nbsp;&nbsp;&nbsp;&nbsp;&nbsp;&nbsp;&nbsp;&nbsp;&nbsp;&nbsp;&nbsp;&nbsp;&nbsp;&nbsp;&nbsp;&nbsp;&nbsp;&nbsp;&nbsp;&nbsp;&nbsp;<\/p>\n<p>&nbsp;<\/p>\n<p>&nbsp;<\/p>\n<figure id=\"attachment_850\" aria-describedby=\"caption-attachment-850\" style=\"width: 225px\" class=\"wp-caption alignleft\"><img loading=\"lazy\" decoding=\"async\" class=\"size-medium wp-image-850\" src=\"http:\/\/elektrikar-rajnoha.sk\/wp-content\/uploads\/2020\/01\/IMG_20180124_135626-225x300.jpg\" alt=\"\" width=\"225\" height=\"300\" srcset=\"https:\/\/elektrikar-rajnoha.sk\/wp-content\/uploads\/2020\/01\/IMG_20180124_135626-225x300.jpg 225w, https:\/\/elektrikar-rajnoha.sk\/wp-content\/uploads\/2020\/01\/IMG_20180124_135626-768x1024.jpg 768w\" sizes=\"auto, (max-width: 225px) 100vw, 225px\" \/><figcaption id=\"caption-attachment-850\" class=\"wp-caption-text\">Led osvetlenie<\/figcaption><\/figure>\n<p>&nbsp;<\/p>\n<p>&nbsp;&nbsp;&nbsp;&nbsp;&nbsp;&nbsp;&nbsp;&nbsp;&nbsp;&nbsp;&nbsp;&nbsp;&nbsp;&nbsp;&nbsp;&nbsp;&nbsp;&nbsp;&nbsp;&nbsp;&nbsp;&nbsp;&nbsp;&nbsp;&nbsp;&nbsp;&nbsp;&nbsp;&nbsp;&nbsp;&nbsp;&nbsp;&nbsp;&nbsp;&nbsp;&nbsp;&nbsp;&nbsp;&nbsp;&nbsp;&nbsp;&nbsp;&nbsp;&nbsp;&nbsp;&nbsp;&nbsp;&nbsp;&nbsp;&nbsp;&nbsp;&nbsp;&nbsp;&nbsp;&nbsp;<\/p>\n\n\n<p><strong>&nbsp;<\/strong><\/p>\n<p>&nbsp;<\/p>\n<p>&nbsp;<\/p>\n<p>&nbsp;<\/p>\n<p>&nbsp;<\/p>\n<p><strong>&nbsp;&nbsp;&nbsp;&nbsp;&nbsp;&nbsp;&nbsp;&nbsp;&nbsp;&nbsp;&nbsp;&nbsp;&nbsp;&nbsp;&nbsp;&nbsp;&nbsp;&nbsp;&nbsp;&nbsp;&nbsp;&nbsp;&nbsp;&nbsp;&nbsp;&nbsp;&nbsp;&nbsp;&nbsp;&nbsp;&nbsp;&nbsp;&nbsp;&nbsp;&nbsp;&nbsp;&nbsp;&nbsp;&nbsp;&nbsp;&nbsp;&nbsp;&nbsp;&nbsp;&nbsp;&nbsp;&nbsp;&nbsp;&nbsp;&nbsp;&nbsp;&nbsp;&nbsp;&nbsp;&nbsp;&nbsp;&nbsp;&nbsp;&nbsp;&nbsp;&nbsp;&nbsp;&nbsp;&nbsp;&nbsp;&nbsp;&nbsp;&nbsp;&nbsp;&nbsp;&nbsp;&nbsp;&nbsp;&nbsp;&nbsp;&nbsp;&nbsp;&nbsp;&nbsp;&nbsp;&nbsp;&nbsp;&nbsp;&nbsp;&nbsp;&nbsp;&nbsp;&nbsp;&nbsp;&nbsp;&nbsp;&nbsp;&nbsp;&nbsp;&nbsp;&nbsp;&nbsp;&nbsp;&nbsp;&nbsp;&nbsp;&nbsp;&nbsp;&nbsp;&nbsp;&nbsp;&nbsp;&nbsp;&nbsp;&nbsp;&nbsp;&nbsp;&nbsp;&nbsp;&nbsp;&nbsp;&nbsp;&nbsp;&nbsp;&nbsp;&nbsp;&nbsp;&nbsp;&nbsp;&nbsp;&nbsp;&nbsp;&nbsp;&nbsp;&nbsp;&nbsp;&nbsp;&nbsp;&nbsp;&nbsp;&nbsp;&nbsp;&nbsp;&nbsp;&nbsp;&nbsp;&nbsp;&nbsp;&nbsp;&nbsp;&nbsp;&nbsp;&nbsp;&nbsp;&nbsp;&nbsp;&nbsp;&nbsp;&nbsp;&nbsp;&nbsp;&nbsp;&nbsp;&nbsp;&nbsp; <br><\/strong><\/p>\n<p><a href=\"https:\/\/elektrikar-rajnoha.sk\/?page_id=304\"><strong><span style=\"background-color: #99cc00;\">&nbsp;Po\u017eiada\u0165 o cenov\u00fa ponuku&nbsp;<\/span><\/strong><\/a><\/p>\n<p>&nbsp;<\/p>\n<p><strong>Elektrik\u00e1r \u2013 Rajnoha&nbsp;&nbsp;&nbsp;&nbsp; <\/strong><\/p>\n<p><a href=\"tel:0940807922\"><i class=\"fa fa-phone\"><\/i>&nbsp;0940 807 922<\/a><\/p>\n<p>&nbsp;Prostredn\u00e1 16<\/p>\n<p>&nbsp;Sv\u00e4t\u00fd Jur&nbsp; 900 21<\/p>\n<p><a href=\"mailto:prace.elektro@gmail.com\"><i class=\"fa fa-envelope\"><\/i>&nbsp; prace.elektro@gmail.com<\/a><\/p>\n<p>&nbsp;<\/p>\n<p>&nbsp;<\/p>\n<p>Pracovn\u00e1 doba:<\/p>\n<p>Po \u2013 Pia:&nbsp; 8.00 \u2013 18.00<\/p>\n<h6>Objedn\u00e1vky individu\u00e1lne<\/h6>\n\n\n\n<p>&nbsp;&nbsp;&nbsp;&nbsp;&nbsp;&nbsp;&nbsp;&nbsp;&nbsp;&nbsp;&nbsp;&nbsp;&nbsp;&nbsp;&nbsp;&nbsp;&nbsp;&nbsp;&nbsp;&nbsp;&nbsp;&nbsp;&nbsp;&nbsp;&nbsp;&nbsp;&nbsp;&nbsp;&nbsp;&nbsp;&nbsp;&nbsp;&nbsp;&nbsp;&nbsp;&nbsp;&nbsp;&nbsp;&nbsp;&nbsp;&nbsp;&nbsp;&nbsp;&nbsp;&nbsp;&nbsp;&nbsp;&nbsp;&nbsp;&nbsp;&nbsp;&nbsp;&nbsp;&nbsp;&nbsp;&nbsp;&nbsp;&nbsp;&nbsp;&nbsp;&nbsp;&nbsp;&nbsp;&nbsp;&nbsp;&nbsp;&nbsp;&nbsp;&nbsp;&nbsp;&nbsp;&nbsp;&nbsp;&nbsp;&nbsp;&nbsp;&nbsp;&nbsp;&nbsp;&nbsp;&nbsp;&nbsp;&nbsp;&nbsp;&nbsp;&nbsp;&nbsp;&nbsp;&nbsp;&nbsp;&nbsp;&nbsp;&nbsp;&nbsp;&nbsp;&nbsp;&nbsp;&nbsp;&nbsp;&nbsp;&nbsp;&nbsp;&nbsp;&nbsp;&nbsp;&nbsp;&nbsp;&nbsp;&nbsp;&nbsp;&nbsp;&nbsp;&nbsp;&nbsp;&nbsp;&nbsp;&nbsp;&nbsp;&nbsp;&nbsp;&nbsp;&nbsp;&nbsp;&nbsp;&nbsp;&nbsp;&nbsp;&nbsp;&nbsp;&nbsp;&nbsp;&nbsp;&nbsp;&nbsp;&nbsp;&nbsp;&nbsp;&nbsp;&nbsp;&nbsp;&nbsp;&nbsp;&nbsp;&nbsp;&nbsp;&nbsp;&nbsp;&nbsp;&nbsp;&nbsp;&nbsp;&nbsp;&nbsp;&nbsp;&nbsp;&nbsp;&nbsp;&nbsp;&nbsp;&nbsp;&nbsp;&nbsp;&nbsp;&nbsp;&nbsp;&nbsp;&nbsp;&nbsp;&nbsp;&nbsp;&nbsp;&nbsp;&nbsp;&nbsp;&nbsp;&nbsp;&nbsp;&nbsp;&nbsp;&nbsp;&nbsp;&nbsp;&nbsp;&nbsp;&nbsp;&nbsp;&nbsp;&nbsp;&nbsp;&nbsp;&nbsp;&nbsp;&nbsp;&nbsp;&nbsp;&nbsp;&nbsp;&nbsp;&nbsp;&nbsp;&nbsp;&nbsp;&nbsp;&nbsp;&nbsp;&nbsp;&nbsp;&nbsp;&nbsp;&nbsp;&nbsp;&nbsp;&nbsp;&nbsp;&nbsp;&nbsp;&nbsp;&nbsp;&nbsp;&nbsp;&nbsp;&nbsp;&nbsp;&nbsp;&nbsp;&nbsp;&nbsp;&nbsp;&nbsp;&nbsp;&nbsp;&nbsp;&nbsp;&nbsp;&nbsp;&nbsp;&nbsp;&nbsp;&nbsp;&nbsp;&nbsp;&nbsp;&nbsp;&nbsp;&nbsp;&nbsp;&nbsp;&nbsp;&nbsp;&nbsp;&nbsp;&nbsp;&nbsp;&nbsp;&nbsp;&nbsp;&nbsp;&nbsp;&nbsp;&nbsp;&nbsp;&nbsp;&nbsp;&nbsp;&nbsp;&nbsp;&nbsp;&nbsp;&nbsp;&nbsp;&nbsp;&nbsp;&nbsp;&nbsp;&nbsp;&nbsp;&nbsp;&nbsp;&nbsp;&nbsp;&nbsp;&nbsp;&nbsp;&nbsp;&nbsp;&nbsp;&nbsp;&nbsp;&nbsp;&nbsp;&nbsp;&nbsp;&nbsp;&nbsp;&nbsp;&nbsp;&nbsp;&nbsp;&nbsp;&nbsp;&nbsp;&nbsp;&nbsp;&nbsp;&nbsp;&nbsp;&nbsp;&nbsp;&nbsp;&nbsp;&nbsp;&nbsp;&nbsp;&nbsp;&nbsp;&nbsp;&nbsp;&nbsp;&nbsp;&nbsp;&nbsp;&nbsp;&nbsp;&nbsp;&nbsp;&nbsp;&nbsp;&nbsp;&nbsp;&nbsp;&nbsp;&nbsp;&nbsp;&nbsp;&nbsp;&nbsp;&nbsp;&nbsp;&nbsp;&nbsp;&nbsp;&nbsp;&nbsp;&nbsp;&nbsp;&nbsp;&nbsp;&nbsp;&nbsp;&nbsp;&nbsp;&nbsp;&nbsp;&nbsp;&nbsp;&nbsp;&nbsp;&nbsp;&nbsp;&nbsp;&nbsp;&nbsp;&nbsp;&nbsp;&nbsp;&nbsp;&nbsp;&nbsp;&nbsp;&nbsp;&nbsp;&nbsp;&nbsp;&nbsp;&nbsp;&nbsp;&nbsp;&nbsp;&nbsp;&nbsp;&nbsp;&nbsp;&nbsp;&nbsp;&nbsp;&nbsp;&nbsp;&nbsp;&nbsp;&nbsp;&nbsp;&nbsp;&nbsp;&nbsp;&nbsp;&nbsp;&nbsp;<\/p>\n<p>&nbsp;<\/p>\n","protected":false},"excerpt":{"rendered":"<p>Elektroin\u0161tala\u010dn\u00e9 pr\u00e1ce &nbsp; Pon\u00fakame pre V\u00e1s kompletn\u00e9 elektroin\u0161tala\u010dn\u00e9 pr\u00e1ce v\u00e4\u010d\u0161\u00edch aj men\u0161\u00edch rozsahov vr\u00e1tane bleskozvodov. Vykon\u00e1vame taktie\u017e kompletn\u00e9 rekon\u0161trukcie star\u00fdch rozvodov v panelov\u00fdch a tehlov\u00fdch bytoch, domoch, obchodn\u00fdch priestoroch a podobne. Zaober\u00e1me sa aj \u00fadr\u017ebou a odstra\u0148ovan\u00edm por\u00fach na elektro zariadeniach. M\u00e1me dlhoro\u010dn\u00e9 odborn\u00e9 znalosti a sk\u00fasenosti v oblasti elektroin\u0161tal\u00e1ci\u00ed a v\u017edy sa sna\u017e\u00edme z\u00e1kazn\u00edkovi [&hellip;]<\/p>\n","protected":false},"author":1,"featured_media":0,"parent":0,"menu_order":1,"comment_status":"closed","ping_status":"closed","template":"","meta":{"ngg_post_thumbnail":0,"footnotes":""},"class_list":["post-10","page","type-page","status-publish","hentry"],"yoast_head":"<!-- This site is optimized with the Yoast SEO plugin v24.7 - https:\/\/yoast.com\/wordpress\/plugins\/seo\/ -->\n<title>Elektroin\u0161tala\u010dn\u00e9 pr\u00e1ce - Bratislava,Sv\u00e4t\u00fd Jur,Pezinok a okolie<\/title>\n<meta name=\"description\" content=\"Pon\u00fakame V\u00e1m kompletn\u00e9 elektroin\u0161tala\u010dn\u00e9 pr\u00e1ce v\u00e4\u010d\u0161\u00edch aj men\u0161\u00edch rozsahov vr\u00e1tane bleskozvodov. Vykon\u00e1vame taktie\u017e rekon\u0161trukcie star\u00fdch rozvodov v panelov\u00fdch a tehlov\u00fdch bytoch, domoch, obchodn\u00fdch priestoroch a podobne. Zaober\u00e1me sa aj \u00fadr\u017ebou a odstra\u0148ovan\u00edm por\u00fach na elektro zariadeniach.\" \/>\n<meta name=\"robots\" content=\"index, follow, max-snippet:-1, max-image-preview:large, max-video-preview:-1\" \/>\n<link rel=\"canonical\" href=\"https:\/\/elektrikar-rajnoha.sk\/\" \/>\n<meta property=\"og:locale\" content=\"sk_SK\" \/>\n<meta property=\"og:type\" content=\"article\" \/>\n<meta property=\"og:title\" content=\"Elektroin\u0161tala\u010dn\u00e9 pr\u00e1ce - Bratislava,Sv\u00e4t\u00fd Jur,Pezinok a okolie\" \/>\n<meta property=\"og:description\" content=\"Pon\u00fakame V\u00e1m kompletn\u00e9 elektroin\u0161tala\u010dn\u00e9 pr\u00e1ce v\u00e4\u010d\u0161\u00edch aj men\u0161\u00edch rozsahov vr\u00e1tane bleskozvodov. Vykon\u00e1vame taktie\u017e rekon\u0161trukcie star\u00fdch rozvodov v panelov\u00fdch a tehlov\u00fdch bytoch, domoch, obchodn\u00fdch priestoroch a podobne. Zaober\u00e1me sa aj \u00fadr\u017ebou a odstra\u0148ovan\u00edm por\u00fach na elektro zariadeniach.\" \/>\n<meta property=\"og:url\" content=\"https:\/\/elektrikar-rajnoha.sk\/\" \/>\n<meta property=\"og:site_name\" content=\"Elektrik\u00e1r Rajnoha\" \/>\n<meta property=\"article:modified_time\" content=\"2025-10-15T19:30:48+00:00\" \/>\n<meta property=\"og:image\" content=\"https:\/\/elektrikar-rajnoha.sk\/wp-content\/uploads\/2018\/04\/IMG_20171124_111306-768x1024.jpg\" \/>\n\t<meta property=\"og:image:width\" content=\"768\" \/>\n\t<meta property=\"og:image:height\" content=\"1024\" \/>\n\t<meta property=\"og:image:type\" content=\"image\/jpeg\" \/>\n<meta name=\"twitter:card\" content=\"summary_large_image\" \/>\n<meta name=\"twitter:label1\" content=\"Predpokladan\u00fd \u010das \u010d\u00edtania\" \/>\n\t<meta name=\"twitter:data1\" content=\"2 min\u00faty\" \/>\n<script type=\"application\/ld+json\" class=\"yoast-schema-graph\">{\"@context\":\"https:\/\/schema.org\",\"@graph\":[{\"@type\":\"WebPage\",\"@id\":\"https:\/\/elektrikar-rajnoha.sk\/\",\"url\":\"https:\/\/elektrikar-rajnoha.sk\/\",\"name\":\"Elektroin\u0161tala\u010dn\u00e9 pr\u00e1ce - Bratislava,Sv\u00e4t\u00fd Jur,Pezinok a okolie\",\"isPartOf\":{\"@id\":\"https:\/\/elektrikar-rajnoha.sk\/#website\"},\"primaryImageOfPage\":{\"@id\":\"https:\/\/elektrikar-rajnoha.sk\/#primaryimage\"},\"image\":{\"@id\":\"https:\/\/elektrikar-rajnoha.sk\/#primaryimage\"},\"thumbnailUrl\":\"http:\/\/elektrikar-rajnoha.sk\/wp-content\/uploads\/2018\/04\/IMG_20171124_111306-225x300.jpg\",\"datePublished\":\"2018-03-21T09:12:08+00:00\",\"dateModified\":\"2025-10-15T19:30:48+00:00\",\"description\":\"Pon\u00fakame V\u00e1m kompletn\u00e9 elektroin\u0161tala\u010dn\u00e9 pr\u00e1ce v\u00e4\u010d\u0161\u00edch aj men\u0161\u00edch rozsahov vr\u00e1tane bleskozvodov. Vykon\u00e1vame taktie\u017e rekon\u0161trukcie star\u00fdch rozvodov v panelov\u00fdch a tehlov\u00fdch bytoch, domoch, obchodn\u00fdch priestoroch a podobne. Zaober\u00e1me sa aj \u00fadr\u017ebou a odstra\u0148ovan\u00edm por\u00fach na elektro zariadeniach.\",\"breadcrumb\":{\"@id\":\"https:\/\/elektrikar-rajnoha.sk\/#breadcrumb\"},\"inLanguage\":\"sk-SK\",\"potentialAction\":[{\"@type\":\"ReadAction\",\"target\":[\"https:\/\/elektrikar-rajnoha.sk\/\"]}]},{\"@type\":\"ImageObject\",\"inLanguage\":\"sk-SK\",\"@id\":\"https:\/\/elektrikar-rajnoha.sk\/#primaryimage\",\"url\":\"http:\/\/elektrikar-rajnoha.sk\/wp-content\/uploads\/2018\/04\/IMG_20171124_111306-225x300.jpg\",\"contentUrl\":\"http:\/\/elektrikar-rajnoha.sk\/wp-content\/uploads\/2018\/04\/IMG_20171124_111306-225x300.jpg\"},{\"@type\":\"BreadcrumbList\",\"@id\":\"https:\/\/elektrikar-rajnoha.sk\/#breadcrumb\",\"itemListElement\":[{\"@type\":\"ListItem\",\"position\":1,\"name\":\"Home\",\"item\":\"https:\/\/elektrikar-rajnoha.sk\/\"},{\"@type\":\"ListItem\",\"position\":2,\"name\":\"\u00davod\"}]},{\"@type\":\"WebSite\",\"@id\":\"https:\/\/elektrikar-rajnoha.sk\/#website\",\"url\":\"https:\/\/elektrikar-rajnoha.sk\/\",\"name\":\"Elektrik\u00e1r Rajnoha\",\"description\":\"Elektrik\u00e1ri Bratislava,Sv\u00e4t\u00fd Jur,Pezinok a okolie\",\"potentialAction\":[{\"@type\":\"SearchAction\",\"target\":{\"@type\":\"EntryPoint\",\"urlTemplate\":\"https:\/\/elektrikar-rajnoha.sk\/?s={search_term_string}\"},\"query-input\":{\"@type\":\"PropertyValueSpecification\",\"valueRequired\":true,\"valueName\":\"search_term_string\"}}],\"inLanguage\":\"sk-SK\"}]}<\/script>\n<!-- \/ Yoast SEO plugin. -->","yoast_head_json":{"title":"Elektroin\u0161tala\u010dn\u00e9 pr\u00e1ce - Bratislava,Sv\u00e4t\u00fd Jur,Pezinok a okolie","description":"Pon\u00fakame V\u00e1m kompletn\u00e9 elektroin\u0161tala\u010dn\u00e9 pr\u00e1ce v\u00e4\u010d\u0161\u00edch aj men\u0161\u00edch rozsahov vr\u00e1tane bleskozvodov. Vykon\u00e1vame taktie\u017e rekon\u0161trukcie star\u00fdch rozvodov v panelov\u00fdch a tehlov\u00fdch bytoch, domoch, obchodn\u00fdch priestoroch a podobne. Zaober\u00e1me sa aj \u00fadr\u017ebou a odstra\u0148ovan\u00edm por\u00fach na elektro zariadeniach.","robots":{"index":"index","follow":"follow","max-snippet":"max-snippet:-1","max-image-preview":"max-image-preview:large","max-video-preview":"max-video-preview:-1"},"canonical":"https:\/\/elektrikar-rajnoha.sk\/","og_locale":"sk_SK","og_type":"article","og_title":"Elektroin\u0161tala\u010dn\u00e9 pr\u00e1ce - Bratislava,Sv\u00e4t\u00fd Jur,Pezinok a okolie","og_description":"Pon\u00fakame V\u00e1m kompletn\u00e9 elektroin\u0161tala\u010dn\u00e9 pr\u00e1ce v\u00e4\u010d\u0161\u00edch aj men\u0161\u00edch rozsahov vr\u00e1tane bleskozvodov. Vykon\u00e1vame taktie\u017e rekon\u0161trukcie star\u00fdch rozvodov v panelov\u00fdch a tehlov\u00fdch bytoch, domoch, obchodn\u00fdch priestoroch a podobne. Zaober\u00e1me sa aj \u00fadr\u017ebou a odstra\u0148ovan\u00edm por\u00fach na elektro zariadeniach.","og_url":"https:\/\/elektrikar-rajnoha.sk\/","og_site_name":"Elektrik\u00e1r Rajnoha","article_modified_time":"2025-10-15T19:30:48+00:00","og_image":[{"width":768,"height":1024,"url":"https:\/\/elektrikar-rajnoha.sk\/wp-content\/uploads\/2018\/04\/IMG_20171124_111306-768x1024.jpg","type":"image\/jpeg"}],"twitter_card":"summary_large_image","twitter_misc":{"Predpokladan\u00fd \u010das \u010d\u00edtania":"2 min\u00faty"},"schema":{"@context":"https:\/\/schema.org","@graph":[{"@type":"WebPage","@id":"https:\/\/elektrikar-rajnoha.sk\/","url":"https:\/\/elektrikar-rajnoha.sk\/","name":"Elektroin\u0161tala\u010dn\u00e9 pr\u00e1ce - Bratislava,Sv\u00e4t\u00fd Jur,Pezinok a okolie","isPartOf":{"@id":"https:\/\/elektrikar-rajnoha.sk\/#website"},"primaryImageOfPage":{"@id":"https:\/\/elektrikar-rajnoha.sk\/#primaryimage"},"image":{"@id":"https:\/\/elektrikar-rajnoha.sk\/#primaryimage"},"thumbnailUrl":"http:\/\/elektrikar-rajnoha.sk\/wp-content\/uploads\/2018\/04\/IMG_20171124_111306-225x300.jpg","datePublished":"2018-03-21T09:12:08+00:00","dateModified":"2025-10-15T19:30:48+00:00","description":"Pon\u00fakame V\u00e1m kompletn\u00e9 elektroin\u0161tala\u010dn\u00e9 pr\u00e1ce v\u00e4\u010d\u0161\u00edch aj men\u0161\u00edch rozsahov vr\u00e1tane bleskozvodov. Vykon\u00e1vame taktie\u017e rekon\u0161trukcie star\u00fdch rozvodov v panelov\u00fdch a tehlov\u00fdch bytoch, domoch, obchodn\u00fdch priestoroch a podobne. Zaober\u00e1me sa aj \u00fadr\u017ebou a odstra\u0148ovan\u00edm por\u00fach na elektro zariadeniach.","breadcrumb":{"@id":"https:\/\/elektrikar-rajnoha.sk\/#breadcrumb"},"inLanguage":"sk-SK","potentialAction":[{"@type":"ReadAction","target":["https:\/\/elektrikar-rajnoha.sk\/"]}]},{"@type":"ImageObject","inLanguage":"sk-SK","@id":"https:\/\/elektrikar-rajnoha.sk\/#primaryimage","url":"http:\/\/elektrikar-rajnoha.sk\/wp-content\/uploads\/2018\/04\/IMG_20171124_111306-225x300.jpg","contentUrl":"http:\/\/elektrikar-rajnoha.sk\/wp-content\/uploads\/2018\/04\/IMG_20171124_111306-225x300.jpg"},{"@type":"BreadcrumbList","@id":"https:\/\/elektrikar-rajnoha.sk\/#breadcrumb","itemListElement":[{"@type":"ListItem","position":1,"name":"Home","item":"https:\/\/elektrikar-rajnoha.sk\/"},{"@type":"ListItem","position":2,"name":"\u00davod"}]},{"@type":"WebSite","@id":"https:\/\/elektrikar-rajnoha.sk\/#website","url":"https:\/\/elektrikar-rajnoha.sk\/","name":"Elektrik\u00e1r Rajnoha","description":"Elektrik\u00e1ri Bratislava,Sv\u00e4t\u00fd Jur,Pezinok a okolie","potentialAction":[{"@type":"SearchAction","target":{"@type":"EntryPoint","urlTemplate":"https:\/\/elektrikar-rajnoha.sk\/?s={search_term_string}"},"query-input":{"@type":"PropertyValueSpecification","valueRequired":true,"valueName":"search_term_string"}}],"inLanguage":"sk-SK"}]}},"_links":{"self":[{"href":"https:\/\/elektrikar-rajnoha.sk\/index.php?rest_route=\/wp\/v2\/pages\/10","targetHints":{"allow":["GET"]}}],"collection":[{"href":"https:\/\/elektrikar-rajnoha.sk\/index.php?rest_route=\/wp\/v2\/pages"}],"about":[{"href":"https:\/\/elektrikar-rajnoha.sk\/index.php?rest_route=\/wp\/v2\/types\/page"}],"author":[{"embeddable":true,"href":"https:\/\/elektrikar-rajnoha.sk\/index.php?rest_route=\/wp\/v2\/users\/1"}],"replies":[{"embeddable":true,"href":"https:\/\/elektrikar-rajnoha.sk\/index.php?rest_route=%2Fwp%2Fv2%2Fcomments&post=10"}],"version-history":[{"count":233,"href":"https:\/\/elektrikar-rajnoha.sk\/index.php?rest_route=\/wp\/v2\/pages\/10\/revisions"}],"predecessor-version":[{"id":1641,"href":"https:\/\/elektrikar-rajnoha.sk\/index.php?rest_route=\/wp\/v2\/pages\/10\/revisions\/1641"}],"wp:attachment":[{"href":"https:\/\/elektrikar-rajnoha.sk\/index.php?rest_route=%2Fwp%2Fv2%2Fmedia&parent=10"}],"curies":[{"name":"wp","href":"https:\/\/api.w.org\/{rel}","templated":true}]}}